{"id":149,"date":"2026-01-07T07:23:01","date_gmt":"2026-01-07T07:23:01","guid":{"rendered":"https:\/\/onsticaret.com\/?page_id=149"},"modified":"2026-01-13T16:23:09","modified_gmt":"2026-01-13T16:23:09","slug":"pricing","status":"publish","type":"page","link":"https:\/\/onsticaret.com\/index.php\/pricing\/","title":{"rendered":"Hizmet Alanlar\u0131m\u0131z"},"content":{"rendered":"\t\t<div data-elementor-type=\"wp-page\" data-elementor-id=\"149\" class=\"elementor elementor-149\" data-elementor-post-type=\"page\">\n\t\t\t\t\t\t<section class=\"elementor-section elementor-top-section elementor-element elementor-element-7a9ac5da elementor-section-height-min-height elementor-section-items-bottom elementor-section-boxed elementor-section-height-default\" data-id=\"7a9ac5da\" data-element_type=\"section\" data-settings=\"{&quot;background_background&quot;:&quot;classic&quot;}\">\n\t\t\t\t\t\t\t<div class=\"elementor-background-overlay\"><\/div>\n\t\t\t\t\t\t\t<div class=\"elementor-container elementor-column-gap-default\">\n\t\t\t\t\t<div class=\"elementor-column elementor-col-100 elementor-top-column elementor-element elementor-element-5a32773e\" data-id=\"5a32773e\" data-element_type=\"column\">\n\t\t\t<div class=\"elementor-widget-wrap elementor-element-populated\">\n\t\t\t\t\t\t<div class=\"elementor-element elementor-element-754f1109 elementor-invisible elementor-widget elementor-widget-heading\" data-id=\"754f1109\" data-element_type=\"widget\" data-settings=\"{&quot;_animation&quot;:&quot;fadeInUp&quot;,&quot;_animation_delay&quot;:200}\" data-widget_type=\"heading.default\">\n\t\t\t\t\t<h3 class=\"elementor-heading-title elementor-size-default\">Hizmet Alanlar\u0131m\u0131z<\/h3>\t\t\t\t<\/div>\n\t\t\t\t\t<\/div>\n\t\t<\/div>\n\t\t\t\t\t<\/div>\n\t\t<\/section>\n\t\t\t\t<section class=\"elementor-section elementor-top-section elementor-element elementor-element-420cd3e elementor-section-boxed elementor-section-height-default elementor-section-height-default\" data-id=\"420cd3e\" data-element_type=\"section\">\n\t\t\t\t\t\t<div class=\"elementor-container elementor-column-gap-default\">\n\t\t\t\t\t<div class=\"elementor-column elementor-col-100 elementor-top-column elementor-element elementor-element-31c088d\" data-id=\"31c088d\" data-element_type=\"column\">\n\t\t\t<div class=\"elementor-widget-wrap elementor-element-populated\">\n\t\t\t\t\t\t<div class=\"elementor-element elementor-element-e907831 elementor-invisible elementor-widget elementor-widget-heading\" data-id=\"e907831\" data-element_type=\"widget\" data-settings=\"{&quot;_animation&quot;:&quot;fadeInUp&quot;,&quot;_animation_delay&quot;:200}\" data-widget_type=\"heading.default\">\n\t\t\t\t\t<h3 class=\"elementor-heading-title elementor-size-default\">Hizmet Alanlar\u0131m\u0131z<\/h3>\t\t\t\t<\/div>\n\t\t\t\t\t<\/div>\n\t\t<\/div>\n\t\t\t\t\t<\/div>\n\t\t<\/section>\n\t\t<div class=\"elementor-element elementor-element-002a582 e-flex e-con-boxed e-con e-parent\" data-id=\"002a582\" data-element_type=\"container\">\n\t\t\t\t\t<div class=\"e-con-inner\">\n\t\t<div class=\"elementor-element elementor-element-4355b17 e-con-full e-flex e-con e-child\" data-id=\"4355b17\" data-element_type=\"container\">\n\t\t\t\t<div class=\"elementor-element elementor-element-3b28c6f elementor-widget elementor-widget-image\" data-id=\"3b28c6f\" data-element_type=\"widget\" data-widget_type=\"image.default\">\n\t\t\t\t\t\t\t\t\t\t\t\t\t\t\t<img fetchpriority=\"high\" decoding=\"async\" width=\"561\" height=\"376\" src=\"https:\/\/onsticaret.com\/wp-content\/uploads\/2026\/01\/15-e1768215310348.png\" class=\"attachment-full size-full wp-image-277\" alt=\"\" srcset=\"https:\/\/onsticaret.com\/wp-content\/uploads\/2026\/01\/15-e1768215310348.png 561w, https:\/\/onsticaret.com\/wp-content\/uploads\/2026\/01\/15-e1768215310348-300x201.png 300w\" sizes=\"(max-width: 561px) 100vw, 561px\" \/>\t\t\t\t\t\t\t\t\t\t\t\t\t\t\t<\/div>\n\t\t\t\t<div class=\"elementor-element elementor-element-4db12d1 elementor-invisible elementor-widget elementor-widget-heading\" data-id=\"4db12d1\" data-element_type=\"widget\" data-settings=\"{&quot;_animation&quot;:&quot;fadeInUp&quot;,&quot;_animation_delay&quot;:200}\" data-widget_type=\"heading.default\">\n\t\t\t\t\t<h3 class=\"elementor-heading-title elementor-size-default\">Toplu Konut Projeleri<\/h3>\t\t\t\t<\/div>\n\t\t\t\t<\/div>\n\t\t<div class=\"elementor-element elementor-element-7942c15 e-con-full e-flex e-con e-child\" data-id=\"7942c15\" data-element_type=\"container\">\n\t\t\t\t<div class=\"elementor-element elementor-element-a676ce6 elementor-widget elementor-widget-image\" data-id=\"a676ce6\" data-element_type=\"widget\" data-widget_type=\"image.default\">\n\t\t\t\t\t\t\t\t\t\t\t\t\t\t\t<img decoding=\"async\" width=\"562\" height=\"382\" src=\"https:\/\/onsticaret.com\/wp-content\/uploads\/2026\/01\/13-e1768215408793.png\" class=\"attachment-full size-full wp-image-275\" alt=\"\" srcset=\"https:\/\/onsticaret.com\/wp-content\/uploads\/2026\/01\/13-e1768215408793.png 562w, https:\/\/onsticaret.com\/wp-content\/uploads\/2026\/01\/13-e1768215408793-300x204.png 300w\" sizes=\"(max-width: 562px) 100vw, 562px\" \/>\t\t\t\t\t\t\t\t\t\t\t\t\t\t\t<\/div>\n\t\t\t\t<div class=\"elementor-element elementor-element-e674b22 elementor-invisible elementor-widget elementor-widget-heading\" data-id=\"e674b22\" data-element_type=\"widget\" data-settings=\"{&quot;_animation&quot;:&quot;fadeInUp&quot;,&quot;_animation_delay&quot;:200}\" data-widget_type=\"heading.default\">\n\t\t\t\t\t<h3 class=\"elementor-heading-title elementor-size-default\">Hastaneler<\/h3>\t\t\t\t<\/div>\n\t\t\t\t<\/div>\n\t\t<div class=\"elementor-element elementor-element-1dad224 e-con-full e-flex e-con e-child\" data-id=\"1dad224\" data-element_type=\"container\">\n\t\t\t\t<div class=\"elementor-element elementor-element-4eb0339 elementor-widget elementor-widget-image\" data-id=\"4eb0339\" data-element_type=\"widget\" data-widget_type=\"image.default\">\n\t\t\t\t\t\t\t\t\t\t\t\t\t\t\t<img decoding=\"async\" width=\"564\" height=\"375\" src=\"https:\/\/onsticaret.com\/wp-content\/uploads\/2026\/01\/14-e1768215471839.png\" class=\"attachment-full size-full wp-image-276\" alt=\"\" srcset=\"https:\/\/onsticaret.com\/wp-content\/uploads\/2026\/01\/14-e1768215471839.png 564w, https:\/\/onsticaret.com\/wp-content\/uploads\/2026\/01\/14-e1768215471839-300x199.png 300w\" sizes=\"(max-width: 564px) 100vw, 564px\" \/>\t\t\t\t\t\t\t\t\t\t\t\t\t\t\t<\/div>\n\t\t\t\t<div class=\"elementor-element elementor-element-9b388de elementor-invisible elementor-widget elementor-widget-heading\" data-id=\"9b388de\" data-element_type=\"widget\" data-settings=\"{&quot;_animation&quot;:&quot;fadeInUp&quot;,&quot;_animation_delay&quot;:200}\" data-widget_type=\"heading.default\">\n\t\t\t\t\t<h3 class=\"elementor-heading-title elementor-size-default\">Al\u0131\u015fveri\u015f Merkezleri<\/h3>\t\t\t\t<\/div>\n\t\t\t\t<\/div>\n\t\t<div class=\"elementor-element elementor-element-d6c280b e-con-full e-flex e-con e-child\" data-id=\"d6c280b\" data-element_type=\"container\">\n\t\t\t\t<div class=\"elementor-element elementor-element-26f7806 elementor-widget elementor-widget-image\" data-id=\"26f7806\" data-element_type=\"widget\" data-widget_type=\"image.default\">\n\t\t\t\t\t\t\t\t\t\t\t\t\t\t\t<img loading=\"lazy\" decoding=\"async\" width=\"565\" height=\"377\" src=\"https:\/\/onsticaret.com\/wp-content\/uploads\/2026\/01\/16-e1768215513872.png\" class=\"attachment-full size-full wp-image-278\" alt=\"\" srcset=\"https:\/\/onsticaret.com\/wp-content\/uploads\/2026\/01\/16-e1768215513872.png 565w, https:\/\/onsticaret.com\/wp-content\/uploads\/2026\/01\/16-e1768215513872-300x200.png 300w\" sizes=\"(max-width: 565px) 100vw, 565px\" \/>\t\t\t\t\t\t\t\t\t\t\t\t\t\t\t<\/div>\n\t\t\t\t<div class=\"elementor-element elementor-element-6932015 elementor-invisible elementor-widget elementor-widget-heading\" data-id=\"6932015\" data-element_type=\"widget\" data-settings=\"{&quot;_animation&quot;:&quot;fadeInUp&quot;,&quot;_animation_delay&quot;:200}\" data-widget_type=\"heading.default\">\n\t\t\t\t\t<h3 class=\"elementor-heading-title elementor-size-default\">Fabrikalar<\/h3>\t\t\t\t<\/div>\n\t\t\t\t<\/div>\n\t\t<div class=\"elementor-element elementor-element-d1211fe e-con-full e-flex e-con e-child\" data-id=\"d1211fe\" data-element_type=\"container\">\n\t\t\t\t<div class=\"elementor-element elementor-element-6a0a997 elementor-widget elementor-widget-image\" data-id=\"6a0a997\" data-element_type=\"widget\" data-widget_type=\"image.default\">\n\t\t\t\t\t\t\t\t\t\t\t\t\t\t\t<img loading=\"lazy\" decoding=\"async\" width=\"568\" height=\"380\" src=\"https:\/\/onsticaret.com\/wp-content\/uploads\/2026\/01\/17-e1768215545915.png\" class=\"attachment-full size-full wp-image-279\" alt=\"\" srcset=\"https:\/\/onsticaret.com\/wp-content\/uploads\/2026\/01\/17-e1768215545915.png 568w, https:\/\/onsticaret.com\/wp-content\/uploads\/2026\/01\/17-e1768215545915-300x201.png 300w\" sizes=\"(max-width: 568px) 100vw, 568px\" \/>\t\t\t\t\t\t\t\t\t\t\t\t\t\t\t<\/div>\n\t\t\t\t<div class=\"elementor-element elementor-element-aed93d3 elementor-invisible elementor-widget elementor-widget-heading\" data-id=\"aed93d3\" data-element_type=\"widget\" data-settings=\"{&quot;_animation&quot;:&quot;fadeInUp&quot;,&quot;_animation_delay&quot;:200}\" data-widget_type=\"heading.default\">\n\t\t\t\t\t<h3 class=\"elementor-heading-title elementor-size-default\">Okullar<\/h3>\t\t\t\t<\/div>\n\t\t\t\t<\/div>\n\t\t<div class=\"elementor-element elementor-element-072d3af e-con-full e-flex e-con e-child\" data-id=\"072d3af\" data-element_type=\"container\">\n\t\t\t\t<div class=\"elementor-element elementor-element-dbd8eb9 elementor-widget elementor-widget-image\" data-id=\"dbd8eb9\" data-element_type=\"widget\" data-widget_type=\"image.default\">\n\t\t\t\t\t\t\t\t\t\t\t\t\t\t\t<img loading=\"lazy\" decoding=\"async\" width=\"568\" height=\"377\" src=\"https:\/\/onsticaret.com\/wp-content\/uploads\/2026\/01\/12-e1768215571159.png\" class=\"attachment-full size-full wp-image-274\" alt=\"\" srcset=\"https:\/\/onsticaret.com\/wp-content\/uploads\/2026\/01\/12-e1768215571159.png 568w, https:\/\/onsticaret.com\/wp-content\/uploads\/2026\/01\/12-e1768215571159-300x199.png 300w\" sizes=\"(max-width: 568px) 100vw, 568px\" \/>\t\t\t\t\t\t\t\t\t\t\t\t\t\t\t<\/div>\n\t\t\t\t<div class=\"elementor-element elementor-element-2fb5a09 elementor-invisible elementor-widget elementor-widget-heading\" data-id=\"2fb5a09\" data-element_type=\"widget\" data-settings=\"{&quot;_animation&quot;:&quot;fadeInUp&quot;,&quot;_animation_delay&quot;:200}\" data-widget_type=\"heading.default\">\n\t\t\t\t\t<h3 class=\"elementor-heading-title elementor-size-default\">Gemi Par\u00e7a Tedari\u011fi<\/h3>\t\t\t\t<\/div>\n\t\t\t\t<\/div>\n\t\t\t\t\t<\/div>\n\t\t\t\t<\/div>\n\t\t\t\t<\/div>\n\t\t","protected":false},"excerpt":{"rendered":"<p>Hizmet Alanlar\u0131m\u0131z Hizmet Alanlar\u0131m\u0131z Toplu Konut Projeleri Hastaneler Al\u0131\u015fveri\u015f Merkezleri Fabrikalar Okullar Gemi Par\u00e7a Tedari\u011fi<\/p>\n","protected":false},"author":1,"featured_media":0,"parent":0,"menu_order":0,"comment_status":"closed","ping_status":"closed","template":"elementor_header_footer","meta":{"footnotes":""},"class_list":["post-149","page","type-page","status-publish","hentry"],"_links":{"self":[{"href":"https:\/\/onsticaret.com\/index.php\/wp-json\/wp\/v2\/pages\/149","targetHints":{"allow":["GET"]}}],"collection":[{"href":"https:\/\/onsticaret.com\/index.php\/wp-json\/wp\/v2\/pages"}],"about":[{"href":"https:\/\/onsticaret.com\/index.php\/wp-json\/wp\/v2\/types\/page"}],"author":[{"embeddable":true,"href":"https:\/\/onsticaret.com\/index.php\/wp-json\/wp\/v2\/users\/1"}],"replies":[{"embeddable":true,"href":"https:\/\/onsticaret.com\/index.php\/wp-json\/wp\/v2\/comments?post=149"}],"version-history":[{"count":11,"href":"https:\/\/onsticaret.com\/index.php\/wp-json\/wp\/v2\/pages\/149\/revisions"}],"predecessor-version":[{"id":500,"href":"https:\/\/onsticaret.com\/index.php\/wp-json\/wp\/v2\/pages\/149\/revisions\/500"}],"wp:attachment":[{"href":"https:\/\/onsticaret.com\/index.php\/wp-json\/wp\/v2\/media?parent=149"}],"curies":[{"name":"wp","href":"https:\/\/api.w.org\/{rel}","templated":true}]}}