{"id":144,"date":"2026-01-07T07:22:23","date_gmt":"2026-01-07T07:22:23","guid":{"rendered":"https:\/\/onsticaret.com\/?page_id=144"},"modified":"2026-01-13T16:22:40","modified_gmt":"2026-01-13T16:22:40","slug":"services","status":"publish","type":"page","link":"https:\/\/onsticaret.com\/index.php\/services\/","title":{"rendered":"\u00dcr\u00fcn Gruplar\u0131m\u0131z"},"content":{"rendered":"\t\t<div data-elementor-type=\"wp-page\" data-elementor-id=\"144\" class=\"elementor elementor-144\" data-elementor-post-type=\"page\">\n\t\t\t\t\t\t<section class=\"elementor-section elementor-top-section elementor-element elementor-element-5be9804e elementor-section-height-min-height elementor-section-items-bottom elementor-section-boxed elementor-section-height-default\" data-id=\"5be9804e\" data-element_type=\"section\" data-settings=\"{&quot;background_background&quot;:&quot;classic&quot;}\">\n\t\t\t\t\t\t\t<div class=\"elementor-background-overlay\"><\/div>\n\t\t\t\t\t\t\t<div class=\"elementor-container elementor-column-gap-no\">\n\t\t\t\t\t<div class=\"elementor-column elementor-col-100 elementor-top-column elementor-element elementor-element-72604dbe\" data-id=\"72604dbe\" data-element_type=\"column\">\n\t\t\t<div class=\"elementor-widget-wrap elementor-element-populated\">\n\t\t\t\t\t\t<div class=\"elementor-element elementor-element-37ddd6e0 elementor-invisible elementor-widget elementor-widget-heading\" data-id=\"37ddd6e0\" data-element_type=\"widget\" data-settings=\"{&quot;_animation&quot;:&quot;fadeInUp&quot;,&quot;_animation_delay&quot;:200}\" data-widget_type=\"heading.default\">\n\t\t\t\t\t<h3 class=\"elementor-heading-title elementor-size-default\">\u00dcr\u00fcn Gruplar\u0131m\u0131z<\/h3>\t\t\t\t<\/div>\n\t\t\t\t\t<\/div>\n\t\t<\/div>\n\t\t\t\t\t<\/div>\n\t\t<\/section>\n\t\t\t\t<section class=\"elementor-section elementor-top-section elementor-element elementor-element-8fc106a elementor-section-boxed elementor-section-height-default elementor-section-height-default\" data-id=\"8fc106a\" data-element_type=\"section\" data-settings=\"{&quot;background_background&quot;:&quot;classic&quot;}\">\n\t\t\t\t\t\t<div class=\"elementor-container elementor-column-gap-default\">\n\t\t\t\t\t<div class=\"elementor-column elementor-col-100 elementor-top-column elementor-element elementor-element-65b156b\" data-id=\"65b156b\" data-element_type=\"column\">\n\t\t\t<div class=\"elementor-widget-wrap elementor-element-populated\">\n\t\t\t\t\t\t<div class=\"elementor-element elementor-element-9fcc02e elementor-invisible elementor-widget elementor-widget-heading\" data-id=\"9fcc02e\" data-element_type=\"widget\" data-settings=\"{&quot;_animation&quot;:&quot;fadeInUp&quot;,&quot;_animation_delay&quot;:300}\" data-widget_type=\"heading.default\">\n\t\t\t\t\t<h2 class=\"elementor-heading-title elementor-size-default\">ONS T\u0130CARET<\/h2>\t\t\t\t<\/div>\n\t\t\t\t<div class=\"elementor-element elementor-element-0bdeb3e elementor-invisible elementor-widget elementor-widget-heading\" data-id=\"0bdeb3e\" data-element_type=\"widget\" data-settings=\"{&quot;_animation&quot;:&quot;fadeInUp&quot;,&quot;_animation_delay&quot;:200}\" data-widget_type=\"heading.default\">\n\t\t\t\t\t<h3 class=\"elementor-heading-title elementor-size-default\">\u00dcr\u00fcn Gruplar\u0131m\u0131z<\/h3>\t\t\t\t<\/div>\n\t\t\t\t<div class=\"elementor-element elementor-element-e77a10e elementor-widget__width-initial elementor-invisible elementor-widget elementor-widget-text-editor\" data-id=\"e77a10e\" data-element_type=\"widget\" data-settings=\"{&quot;_animation&quot;:&quot;fadeInUp&quot;,&quot;_animation_delay&quot;:250}\" data-widget_type=\"text-editor.default\">\n\t\t\t\t\t\t\t\t\t<p><strong data-start=\"68\" data-end=\"83\">Ons Ticaret<\/strong>, fitting, vana ve tesisat malzemeleri ba\u015fta olmak \u00fczere geni\u015f \u00fcr\u00fcn yelpazesiyle sekt\u00f6rde hizmet vermektedir.<\/p>\t\t\t\t\t\t\t\t<\/div>\n\t\t\t\t<section class=\"elementor-section elementor-inner-section elementor-element elementor-element-36537db elementor-section-boxed elementor-section-height-default elementor-section-height-default\" data-id=\"36537db\" data-element_type=\"section\">\n\t\t\t\t\t\t<div class=\"elementor-container elementor-column-gap-default\">\n\t\t\t\t\t<div class=\"elementor-column elementor-col-33 elementor-inner-column elementor-element elementor-element-35209bc elementor-invisible\" data-id=\"35209bc\" data-element_type=\"column\" data-settings=\"{&quot;animation&quot;:&quot;fadeIn&quot;,&quot;animation_delay&quot;:150,&quot;background_background&quot;:&quot;classic&quot;}\">\n\t\t\t<div class=\"elementor-widget-wrap elementor-element-populated\">\n\t\t\t\t\t\t<div class=\"elementor-element elementor-element-1f5ff03 elementor-widget__width-initial elementor-widget elementor-widget-image\" data-id=\"1f5ff03\" data-element_type=\"widget\" data-widget_type=\"image.default\">\n\t\t\t\t\t\t\t\t\t\t\t\t\t\t\t\t<a href=\"#\">\n\t\t\t\t\t\t\t<img fetchpriority=\"high\" decoding=\"async\" width=\"315\" height=\"232\" src=\"https:\/\/onsticaret.com\/wp-content\/uploads\/2026\/01\/31-11-PASLANMAZ-FITTINGS-MALZEMELER.jpg\" class=\"attachment-large size-large wp-image-248\" alt=\"\" srcset=\"https:\/\/onsticaret.com\/wp-content\/uploads\/2026\/01\/31-11-PASLANMAZ-FITTINGS-MALZEMELER.jpg 315w, https:\/\/onsticaret.com\/wp-content\/uploads\/2026\/01\/31-11-PASLANMAZ-FITTINGS-MALZEMELER-300x221.jpg 300w\" sizes=\"(max-width: 315px) 100vw, 315px\" \/>\t\t\t\t\t\t\t\t<\/a>\n\t\t\t\t\t\t\t\t\t\t\t\t\t\t\t<\/div>\n\t\t\t\t<div class=\"elementor-element elementor-element-b0087b3 elementor-widget elementor-widget-heading\" data-id=\"b0087b3\" data-element_type=\"widget\" data-widget_type=\"heading.default\">\n\t\t\t\t\t<h4 class=\"elementor-heading-title elementor-size-default\"><a href=\"#\">Fitting Malzeme<\/a><\/h4>\t\t\t\t<\/div>\n\t\t\t\t\t<\/div>\n\t\t<\/div>\n\t\t\t\t<div class=\"elementor-column elementor-col-33 elementor-inner-column elementor-element elementor-element-3412e33 elementor-invisible\" data-id=\"3412e33\" data-element_type=\"column\" data-settings=\"{&quot;animation&quot;:&quot;fadeIn&quot;,&quot;animation_delay&quot;:200}\">\n\t\t\t<div class=\"elementor-widget-wrap elementor-element-populated\">\n\t\t\t\t\t\t<div class=\"elementor-element elementor-element-d743fca elementor-widget__width-initial elementor-widget elementor-widget-image\" data-id=\"d743fca\" data-element_type=\"widget\" data-widget_type=\"image.default\">\n\t\t\t\t\t\t\t\t\t\t\t\t\t\t\t\t<a href=\"#\">\n\t\t\t\t\t\t\t<img decoding=\"async\" width=\"800\" height=\"450\" src=\"https:\/\/onsticaret.com\/wp-content\/uploads\/2026\/01\/erg-2-patent-dirsek-45deg-dikisli-60-3-2-9.webp\" class=\"attachment-large size-large wp-image-246\" alt=\"\" srcset=\"https:\/\/onsticaret.com\/wp-content\/uploads\/2026\/01\/erg-2-patent-dirsek-45deg-dikisli-60-3-2-9.webp 800w, https:\/\/onsticaret.com\/wp-content\/uploads\/2026\/01\/erg-2-patent-dirsek-45deg-dikisli-60-3-2-9-300x169.webp 300w, https:\/\/onsticaret.com\/wp-content\/uploads\/2026\/01\/erg-2-patent-dirsek-45deg-dikisli-60-3-2-9-768x432.webp 768w\" sizes=\"(max-width: 800px) 100vw, 800px\" \/>\t\t\t\t\t\t\t\t<\/a>\n\t\t\t\t\t\t\t\t\t\t\t\t\t\t\t<\/div>\n\t\t\t\t<div class=\"elementor-element elementor-element-08db0bd elementor-widget elementor-widget-heading\" data-id=\"08db0bd\" data-element_type=\"widget\" data-widget_type=\"heading.default\">\n\t\t\t\t\t<h4 class=\"elementor-heading-title elementor-size-default\"><a href=\"#\">Patent Malzeme<\/a><\/h4>\t\t\t\t<\/div>\n\t\t\t\t\t<\/div>\n\t\t<\/div>\n\t\t\t\t<div class=\"elementor-column elementor-col-33 elementor-inner-column elementor-element elementor-element-79fed54 elementor-invisible\" data-id=\"79fed54\" data-element_type=\"column\" data-settings=\"{&quot;animation&quot;:&quot;fadeIn&quot;,&quot;animation_delay&quot;:250}\">\n\t\t\t<div class=\"elementor-widget-wrap elementor-element-populated\">\n\t\t\t\t\t\t<div class=\"elementor-element elementor-element-d073514 elementor-widget__width-initial elementor-widget elementor-widget-image\" data-id=\"d073514\" data-element_type=\"widget\" data-widget_type=\"image.default\">\n\t\t\t\t\t\t\t\t\t\t\t\t\t\t\t\t<a href=\"#\">\n\t\t\t\t\t\t\t<img decoding=\"async\" width=\"709\" height=\"709\" src=\"https:\/\/onsticaret.com\/wp-content\/uploads\/2026\/01\/ent3.png\" class=\"attachment-large size-large wp-image-249\" alt=\"\" srcset=\"https:\/\/onsticaret.com\/wp-content\/uploads\/2026\/01\/ent3.png 709w, https:\/\/onsticaret.com\/wp-content\/uploads\/2026\/01\/ent3-300x300.png 300w, https:\/\/onsticaret.com\/wp-content\/uploads\/2026\/01\/ent3-150x150.png 150w\" sizes=\"(max-width: 709px) 100vw, 709px\" \/>\t\t\t\t\t\t\t\t<\/a>\n\t\t\t\t\t\t\t\t\t\t\t\t\t\t\t<\/div>\n\t\t\t\t<div class=\"elementor-element elementor-element-0232ff5 elementor-widget elementor-widget-heading\" data-id=\"0232ff5\" data-element_type=\"widget\" data-widget_type=\"heading.default\">\n\t\t\t\t\t<h4 class=\"elementor-heading-title elementor-size-default\"><a href=\"#\">Kelep\u00e7e ve Ask\u0131 Sistemleri<\/a><\/h4>\t\t\t\t<\/div>\n\t\t\t\t\t<\/div>\n\t\t<\/div>\n\t\t\t\t\t<\/div>\n\t\t<\/section>\n\t\t\t\t<section class=\"elementor-section elementor-inner-section elementor-element elementor-element-7563cd4 elementor-section-boxed elementor-section-height-default elementor-section-height-default\" data-id=\"7563cd4\" data-element_type=\"section\">\n\t\t\t\t\t\t<div class=\"elementor-container elementor-column-gap-default\">\n\t\t\t\t\t<div class=\"elementor-column elementor-col-33 elementor-inner-column elementor-element elementor-element-01023ee elementor-invisible\" data-id=\"01023ee\" data-element_type=\"column\" data-settings=\"{&quot;animation&quot;:&quot;fadeIn&quot;,&quot;animation_delay&quot;:150}\">\n\t\t\t<div class=\"elementor-widget-wrap elementor-element-populated\">\n\t\t\t\t\t\t<div class=\"elementor-element elementor-element-869317e elementor-widget__width-initial elementor-widget elementor-widget-image\" data-id=\"869317e\" data-element_type=\"widget\" data-widget_type=\"image.default\">\n\t\t\t\t\t\t\t\t\t\t\t\t\t\t\t\t<a href=\"#\">\n\t\t\t\t\t\t\t<img loading=\"lazy\" decoding=\"async\" width=\"709\" height=\"709\" src=\"https:\/\/onsticaret.com\/wp-content\/uploads\/2026\/01\/44.png\" class=\"attachment-large size-large wp-image-250\" alt=\"\" srcset=\"https:\/\/onsticaret.com\/wp-content\/uploads\/2026\/01\/44.png 709w, https:\/\/onsticaret.com\/wp-content\/uploads\/2026\/01\/44-300x300.png 300w, https:\/\/onsticaret.com\/wp-content\/uploads\/2026\/01\/44-150x150.png 150w\" sizes=\"(max-width: 709px) 100vw, 709px\" \/>\t\t\t\t\t\t\t\t<\/a>\n\t\t\t\t\t\t\t\t\t\t\t\t\t\t\t<\/div>\n\t\t\t\t<div class=\"elementor-element elementor-element-185b193 elementor-widget elementor-widget-heading\" data-id=\"185b193\" data-element_type=\"widget\" data-widget_type=\"heading.default\">\n\t\t\t\t\t<h4 class=\"elementor-heading-title elementor-size-default\"><a href=\"#\">Flan\u015fl\u0131 Vana ve Valfler<\/a><\/h4>\t\t\t\t<\/div>\n\t\t\t\t\t<\/div>\n\t\t<\/div>\n\t\t\t\t<div class=\"elementor-column elementor-col-33 elementor-inner-column elementor-element elementor-element-0dc8212 elementor-invisible\" data-id=\"0dc8212\" data-element_type=\"column\" data-settings=\"{&quot;animation&quot;:&quot;fadeIn&quot;,&quot;animation_delay&quot;:200}\">\n\t\t\t<div class=\"elementor-widget-wrap elementor-element-populated\">\n\t\t\t\t\t\t<div class=\"elementor-element elementor-element-a164d16 elementor-widget__width-initial elementor-widget elementor-widget-image\" data-id=\"a164d16\" data-element_type=\"widget\" data-widget_type=\"image.default\">\n\t\t\t\t\t\t\t\t\t\t\t\t\t\t\t\t<a href=\"#\">\n\t\t\t\t\t\t\t<img loading=\"lazy\" decoding=\"async\" width=\"709\" height=\"709\" src=\"https:\/\/onsticaret.com\/wp-content\/uploads\/2026\/01\/55.png\" class=\"attachment-large size-large wp-image-251\" alt=\"\" srcset=\"https:\/\/onsticaret.com\/wp-content\/uploads\/2026\/01\/55.png 709w, https:\/\/onsticaret.com\/wp-content\/uploads\/2026\/01\/55-300x300.png 300w, https:\/\/onsticaret.com\/wp-content\/uploads\/2026\/01\/55-150x150.png 150w\" sizes=\"(max-width: 709px) 100vw, 709px\" \/>\t\t\t\t\t\t\t\t<\/a>\n\t\t\t\t\t\t\t\t\t\t\t\t\t\t\t<\/div>\n\t\t\t\t<div class=\"elementor-element elementor-element-0c0e334 elementor-widget elementor-widget-heading\" data-id=\"0c0e334\" data-element_type=\"widget\" data-widget_type=\"heading.default\">\n\t\t\t\t\t<h4 class=\"elementor-heading-title elementor-size-default\"><a href=\"#\">Vana ve Valfler<\/a><\/h4>\t\t\t\t<\/div>\n\t\t\t\t\t<\/div>\n\t\t<\/div>\n\t\t\t\t<div class=\"elementor-column elementor-col-33 elementor-inner-column elementor-element elementor-element-6d7ae38 elementor-invisible\" data-id=\"6d7ae38\" data-element_type=\"column\" data-settings=\"{&quot;animation&quot;:&quot;fadeIn&quot;,&quot;animation_delay&quot;:250}\">\n\t\t\t<div class=\"elementor-widget-wrap elementor-element-populated\">\n\t\t\t\t\t\t<div class=\"elementor-element elementor-element-570b266 elementor-widget__width-initial elementor-widget elementor-widget-image\" data-id=\"570b266\" data-element_type=\"widget\" data-widget_type=\"image.default\">\n\t\t\t\t\t\t\t\t\t\t\t\t\t\t\t\t<a href=\"#\">\n\t\t\t\t\t\t\t<img loading=\"lazy\" decoding=\"async\" width=\"709\" height=\"709\" src=\"https:\/\/onsticaret.com\/wp-content\/uploads\/2026\/01\/66.png\" class=\"attachment-large size-large wp-image-252\" alt=\"\" srcset=\"https:\/\/onsticaret.com\/wp-content\/uploads\/2026\/01\/66.png 709w, https:\/\/onsticaret.com\/wp-content\/uploads\/2026\/01\/66-300x300.png 300w, https:\/\/onsticaret.com\/wp-content\/uploads\/2026\/01\/66-150x150.png 150w\" sizes=\"(max-width: 709px) 100vw, 709px\" \/>\t\t\t\t\t\t\t\t<\/a>\n\t\t\t\t\t\t\t\t\t\t\t\t\t\t\t<\/div>\n\t\t\t\t<div class=\"elementor-element elementor-element-8b441d6 elementor-widget elementor-widget-heading\" data-id=\"8b441d6\" data-element_type=\"widget\" data-widget_type=\"heading.default\">\n\t\t\t\t\t<h4 class=\"elementor-heading-title elementor-size-default\"><a href=\"#\">Contalar<\/a><\/h4>\t\t\t\t<\/div>\n\t\t\t\t\t<\/div>\n\t\t<\/div>\n\t\t\t\t\t<\/div>\n\t\t<\/section>\n\t\t\t\t\t<\/div>\n\t\t<\/div>\n\t\t\t\t\t<\/div>\n\t\t<\/section>\n\t\t\t\t<\/div>\n\t\t","protected":false},"excerpt":{"rendered":"<p>\u00dcr\u00fcn Gruplar\u0131m\u0131z ONS T\u0130CARET \u00dcr\u00fcn Gruplar\u0131m\u0131z Ons Ticaret, fitting, vana ve tesisat malzemeleri ba\u015fta olmak \u00fczere geni\u015f \u00fcr\u00fcn yelpazesiyle sekt\u00f6rde hizmet vermektedir. Fitting Malzeme Patent Malzeme Kelep\u00e7e ve Ask\u0131 Sistemleri Flan\u015fl\u0131 Vana ve Valfler Vana ve Valfler Contalar<\/p>\n","protected":false},"author":1,"featured_media":0,"parent":0,"menu_order":0,"comment_status":"closed","ping_status":"closed","template":"elementor_header_footer","meta":{"footnotes":""},"class_list":["post-144","page","type-page","status-publish","hentry"],"_links":{"self":[{"href":"https:\/\/onsticaret.com\/index.php\/wp-json\/wp\/v2\/pages\/144","targetHints":{"allow":["GET"]}}],"collection":[{"href":"https:\/\/onsticaret.com\/index.php\/wp-json\/wp\/v2\/pages"}],"about":[{"href":"https:\/\/onsticaret.com\/index.php\/wp-json\/wp\/v2\/types\/page"}],"author":[{"embeddable":true,"href":"https:\/\/onsticaret.com\/index.php\/wp-json\/wp\/v2\/users\/1"}],"replies":[{"embeddable":true,"href":"https:\/\/onsticaret.com\/index.php\/wp-json\/wp\/v2\/comments?post=144"}],"version-history":[{"count":14,"href":"https:\/\/onsticaret.com\/index.php\/wp-json\/wp\/v2\/pages\/144\/revisions"}],"predecessor-version":[{"id":499,"href":"https:\/\/onsticaret.com\/index.php\/wp-json\/wp\/v2\/pages\/144\/revisions\/499"}],"wp:attachment":[{"href":"https:\/\/onsticaret.com\/index.php\/wp-json\/wp\/v2\/media?parent=144"}],"curies":[{"name":"wp","href":"https:\/\/api.w.org\/{rel}","templated":true}]}}